{"id":616,"date":"2013-08-20T17:52:33","date_gmt":"2013-08-20T17:52:33","guid":{"rendered":"http:\/\/ms1.nyrany.cz\/?page_id=616"},"modified":"2022-08-04T06:59:17","modified_gmt":"2022-08-04T06:59:17","slug":"kontakty","status":"publish","type":"page","link":"http:\/\/ms1.nyrany.cz\/?page_id=616","title":{"rendered":"Kontakty"},"content":{"rendered":"<p><span style=\"font-size: 13px;\">\u00a0<\/span><\/p>\n<p style=\"padding-left: 30px;\">Z\u00e1kladn\u00ed \u0161kola a Mate\u0159sk\u00e1 \u0161kola N\u00fd\u0159any<br \/>\nHusova 731,\u00a0330 23 \u00a0N\u00fd\u0159any\u00a0<strong><br \/>\n<strong>Mate\u0159sk\u00e1 \u0161kola I.<\/strong><\/strong><\/p>\n<table border=\"0\" cellspacing=\"0\" cellpadding=\"0\">\n<tbody>\n<tr>\n<td style=\"padding-left: 30px;\" colspan=\"3\" valign=\"top\" width=\"614\"><\/td>\n<\/tr>\n<tr>\n<td style=\"text-align: left; padding-left: 60px;\" valign=\"top\" width=\"355\">Telefon:<\/td>\n<td valign=\"top\" width=\"205\">\u00a0 +420 377 931 195<\/td>\n<td valign=\"top\" width=\"205\"><\/td>\n<\/tr>\n<tr>\n<td style=\"text-align: left; padding-left: 60px;\" valign=\"top\" width=\"355\">E-mail:<\/td>\n<td valign=\"top\" width=\"205\">\u00a0\u00a0<a href=\"mailto:nyrany.MS1@volny.cz\">nyrany.MS1@volny.cz<br \/>\n<\/a><\/td>\n<td valign=\"top\" width=\"205\"><\/td>\n<\/tr>\n<tr>\n<td style=\"text-align: left; padding-left: 60px;\" valign=\"top\" width=\"405\">I\u010c:<\/td>\n<td valign=\"top\" width=\"205\">\u00a0 60611880<\/td>\n<td valign=\"top\" width=\"205\"><\/td>\n<\/tr>\n<tr>\n<td style=\"text-align: left; padding-left: 60px;\" valign=\"top\" width=\"355\">\u0158editel \u0161koly:<\/td>\n<td valign=\"top\" width=\"205\">\u00a0 Mgr. Ji\u0159\u00ed Loritz<\/td>\n<td valign=\"top\" width=\"205\"><\/td>\n<\/tr>\n<tr>\n<td style=\"text-align: left; padding-left: 60px;\" valign=\"top\" width=\"355\">Z\u00e1stupkyn\u011b \u0159editele pro p\u0159ed\u0161koln\u00ed vzd\u011bl\u00e1v\u00e1n\u00ed:<\/td>\n<td valign=\"top\" width=\"205\">\u00a0 Bc. V\u00e1clava \u010cmol\u00edkov\u00e1<\/td>\n<td valign=\"top\" width=\"205\"><\/td>\n<\/tr>\n<tr>\n<td style=\"text-align: left; padding-left: 60px;\" valign=\"top\" width=\"355\">Z\u0159izovatel:<\/td>\n<td valign=\"top\" width=\"205\">\u00a0 M\u011bsto N\u00fd\u0159any<\/td>\n<td valign=\"top\" width=\"205\"><\/td>\n<\/tr>\n<tr>\n<td style=\"text-align: left; padding-left: 60px;\" valign=\"top\" width=\"355&quot;\">Typ M\u0160:<\/td>\n<td colspan=\"2\" valign=\"top\" width=\"409\">\u00a0 celodenn\u00ed s\u00a0pravideln\u00fdm provozem<\/td>\n<\/tr>\n<tr>\n<td style=\"text-align: left; padding-left: 60px;\" valign=\"top\" width=\"355\">Kapacita \u0161koly:<\/td>\n<td valign=\"top\" width=\"205\">\u00a0 102<\/td>\n<td valign=\"top\" width=\"205\"><\/td>\n<\/tr>\n<tr>\n<td style=\"text-align: left; padding-left: 60px;\" valign=\"top\" width=\"355\">Provozn\u00ed doba \u0161koly:<\/td>\n<td valign=\"top\" width=\"205\">\u00a0 od\u00a0 6,00 \u00a0do \u00a016,30\u00a0 \u00a0 \u00a0 \u00a0hodin<\/td>\n<\/tr>\n<\/tbody>\n<\/table>\n<p style=\"text-align: left; padding-left: 30px;\"><strong>Poloha Mate\u0159sk\u00e9 \u0161koly I. N\u00fd\u0159any<br \/>\n<\/strong><\/p>\n<p style=\"text-align: center;\"><iframe loading=\"lazy\" style=\"border: none;\" src=\"http:\/\/api4.mapy.cz\/frame?url=http%3A%2F%2Fmapy.cz%2Fs%2F8nFd&amp;z=15&amp;x=13.208946061668854&amp;y=49.71181700377448&amp;layer=3&amp;mini=1&amp;dx=13.208946061668854&amp;dy=49.71181700377448&amp;dt=Husova%20%C4%8D.p.%20731&amp;prev=1&amp;w=500&amp;h=333\" width=\"500\" height=\"333\" frameborder=\"0\"><\/iframe><\/p>\n<p style=\"text-align: center;\">Pro zv\u011bt\u0161en\u00ed mapy a zobrazen\u00ed n\u00e1zv\u016f okoln\u00edch ulic sta\u010d\u00ed kliknout na mapu.<\/p>\n","protected":false},"excerpt":{"rendered":"<p>\u00a0 Z\u00e1kladn\u00ed \u0161kola a Mate\u0159sk\u00e1 \u0161kola N\u00fd\u0159any Husova 731,\u00a0330 23 \u00a0N\u00fd\u0159any\u00a0 Mate\u0159sk\u00e1 \u0161kola I. Telefon: \u00a0 +420 377 931 195 E-mail: \u00a0\u00a0nyrany.MS1@volny.cz I\u010c: \u00a0 60611880 \u0158editel \u0161koly: \u00a0 Mgr. Ji\u0159\u00ed Loritz Z\u00e1stupkyn\u011b \u0159editele pro p\u0159ed\u0161koln\u00ed vzd\u011bl\u00e1v\u00e1n\u00ed: \u00a0 Bc. V\u00e1clava \u010cmol\u00edkov\u00e1 Z\u0159izovatel: \u00a0 M\u011bsto N\u00fd\u0159any Typ M\u0160: \u00a0 celodenn\u00ed s\u00a0pravideln\u00fdm provozem Kapacita \u0161koly: \u00a0 102 Provozn\u00ed &hellip; <\/p>\n<p class=\"link-more\"><a href=\"http:\/\/ms1.nyrany.cz\/?page_id=616\" class=\"more-link\">Continue reading<span class=\"screen-reader-text\"> &#8222;Kontakty&#8220;<\/span><\/a><\/p>\n","protected":false},"author":2,"featured_media":0,"parent":0,"menu_order":3,"comment_status":"open","ping_status":"open","template":"","meta":[],"_links":{"self":[{"href":"http:\/\/ms1.nyrany.cz\/index.php?rest_route=\/wp\/v2\/pages\/616"}],"collection":[{"href":"http:\/\/ms1.nyrany.cz\/index.php?rest_route=\/wp\/v2\/pages"}],"about":[{"href":"http:\/\/ms1.nyrany.cz\/index.php?rest_route=\/wp\/v2\/types\/page"}],"author":[{"embeddable":true,"href":"http:\/\/ms1.nyrany.cz\/index.php?rest_route=\/wp\/v2\/users\/2"}],"replies":[{"embeddable":true,"href":"http:\/\/ms1.nyrany.cz\/index.php?rest_route=%2Fwp%2Fv2%2Fcomments&post=616"}],"version-history":[{"count":54,"href":"http:\/\/ms1.nyrany.cz\/index.php?rest_route=\/wp\/v2\/pages\/616\/revisions"}],"predecessor-version":[{"id":12927,"href":"http:\/\/ms1.nyrany.cz\/index.php?rest_route=\/wp\/v2\/pages\/616\/revisions\/12927"}],"wp:attachment":[{"href":"http:\/\/ms1.nyrany.cz\/index.php?rest_route=%2Fwp%2Fv2%2Fmedia&parent=616"}],"curies":[{"name":"wp","href":"https:\/\/api.w.org\/{rel}","templated":true}]}}