{"id":41,"date":"2021-09-19T08:16:34","date_gmt":"2021-09-19T08:16:34","guid":{"rendered":"http:\/\/ms1.nyrany.cz\/?page_id=41"},"modified":"2024-11-05T08:11:09","modified_gmt":"2024-11-05T08:11:09","slug":"zkusebni-02","status":"publish","type":"page","link":"http:\/\/ms1.nyrany.cz\/?page_id=41","title":{"rendered":"Zam\u011bstnanci M\u0160 I. N\u00fd\u0159any"},"content":{"rendered":"<h3><strong>\u00a0<span style=\"text-decoration: underline;\">Z\u00e1stupkyn\u011b \u0159editele:<\/span><\/strong><\/h3>\n<table border=\"0\" width=\"631\" cellspacing=\"0\" cellpadding=\"0\">\n<tbody>\n<tr>\n<td colspan=\"2\">\u00a0 Bc. V\u00e1clava <strong>\u010cMOL\u00cdKOV\u00c1<\/strong><\/td>\n<\/tr>\n<tr>\n<td style=\"padding-left: 30px;\">T\u0159\u00edda:<\/td>\n<td>\u00a0<a href=\"http:\/\/ms1.nyrany.cz\/?cat=13\">U Pa\u0159ezov\u00e9 chaloupky<\/a><\/td>\n<\/tr>\n<tr>\n<td style=\"padding-left: 30px;\">Mobiln\u00ed telefon:<\/td>\n<td style=\"padding-left: 30px;\"><\/td>\n<\/tr>\n<tr>\n<td style=\"padding-left: 30px;\">Mobiln\u00ed telefon t\u0159\u00eddy:<\/td>\n<td style=\"padding-left: 30px;\">+420 605 476 399<\/td>\n<\/tr>\n<\/tbody>\n<\/table>\n<h3><strong><span style=\"text-decoration: underline;\"><br \/>\n<\/span>\u00a0<span style=\"text-decoration: underline;\">Pedagogi\u010dt\u00ed pracovn\u00edci:<\/span><\/strong><\/h3>\n<table border=\"0\" width=\"621\" cellspacing=\"0\" cellpadding=\"0\">\n<tbody>\n<tr>\n<td colspan=\"2\">\u00a0 Jitka\u00a0<strong>KORD\u00cdKOV\u00c1<\/strong><\/td>\n<\/tr>\n<tr>\n<td style=\"padding-left: 30px;\">T\u0159\u00edda:<\/td>\n<td>\u00a0\u00a0<a href=\"http:\/\/ms1.nyrany.cz\/?cat=13\">U Pa\u0159ezov\u00e9 chaloupky<\/a><\/td>\n<\/tr>\n<tr>\n<td style=\"padding-left: 30px;\">Mobiln\u00ed telefon t\u0159\u00eddy:<\/td>\n<td style=\"padding-left: 30px;\">+420 605 476 399<\/td>\n<\/tr>\n<tr>\n<td style=\"padding-left: 90px;\"><\/td>\n<td><\/td>\n<\/tr>\n<\/tbody>\n<\/table>\n<table border=\"0\" width=\"621\" cellspacing=\"0\" cellpadding=\"0\">\n<tbody>\n<tr>\n<td colspan=\"2\">\u00a0 Yvetta\u00a0<strong>NIEDERMAYEROV\u00c1<\/strong><\/td>\n<\/tr>\n<tr>\n<td style=\"padding-left: 30px;\">T\u0159\u00edda:<\/td>\n<td><a href=\"http:\/\/ms1.nyrany.cz\/?cat=14\">U Makov\u00e9 panenky<\/a><\/td>\n<\/tr>\n<tr>\n<td style=\"padding-left: 30px;\">Mobiln\u00ed telefon t\u0159\u00eddy:<\/td>\n<td>+420 605 489 380<\/td>\n<\/tr>\n<tr>\n<td><\/td>\n<td><\/td>\n<\/tr>\n<\/tbody>\n<\/table>\n<table border=\"0\" width=\"621\" cellspacing=\"0\" cellpadding=\"0\">\n<tbody>\n<tr>\n<td colspan=\"2\">\u00a0\u00a0Lenka <strong>CHALUPOV\u00c1<\/strong><\/td>\n<\/tr>\n<tr>\n<td style=\"padding-left: 30px;\">T\u0159\u00edda:<\/td>\n<td><a href=\"http:\/\/ms1.nyrany.cz\/?cat=16\">U R\u00e1kosn\u00ed\u010dka<\/a><\/td>\n<\/tr>\n<tr>\n<td style=\"padding-left: 30px;\">Mobiln\u00ed telefon t\u0159\u00eddy:<\/td>\n<td>+420\u00a0737 943 041<\/td>\n<\/tr>\n<tr>\n<td><\/td>\n<td><\/td>\n<\/tr>\n<\/tbody>\n<\/table>\n<table border=\"0\" width=\"621\" cellspacing=\"0\" cellpadding=\"0\">\n<tbody>\n<tr>\n<td colspan=\"2\">\u00a0 Miroslava\u00a0<strong>\u0160IMKOV\u00c1<\/strong><\/td>\n<\/tr>\n<tr>\n<td style=\"padding-left: 30px;\">T\u0159\u00edda:<\/td>\n<td><a href=\"http:\/\/ms1.nyrany.cz\/?cat=15\">U Ve\u010dern\u00ed\u010dka<\/a><\/td>\n<\/tr>\n<tr>\n<td style=\"padding-left: 30px;\">Mobiln\u00ed telefon t\u0159\u00eddy:<\/td>\n<td>+420\u00a0736 158 271<\/td>\n<\/tr>\n<tr>\n<td><\/td>\n<td><\/td>\n<\/tr>\n<\/tbody>\n<\/table>\n<table border=\"0\" width=\"621\" cellspacing=\"0\" cellpadding=\"0\">\n<tbody>\n<tr>\n<td colspan=\"2\">\u00a0Bc. et Bc.\u00a0Sabina <strong>\u0160IMKOV\u00c1<\/strong><\/td>\n<\/tr>\n<tr>\n<td style=\"padding-left: 30px;\">T\u0159\u00edda:<\/td>\n<td><a href=\"http:\/\/ms1.nyrany.cz\/?cat=15\">U Ve\u010dern\u00ed\u010dka<\/a><\/td>\n<\/tr>\n<tr>\n<td style=\"padding-left: 30px;\">Mobiln\u00ed telefon t\u0159\u00eddy:<\/td>\n<td>+420\u00a0736 158 271<\/td>\n<\/tr>\n<tr>\n<td><\/td>\n<td><\/td>\n<\/tr>\n<\/tbody>\n<\/table>\n<table border=\"0\" width=\"621\" cellspacing=\"0\" cellpadding=\"0\">\n<tbody>\n<tr>\n<td colspan=\"2\">\u00a0 Bc. Ilona\u00a0 <b>\u0160OLLAROV\u00c1<\/b><\/td>\n<\/tr>\n<tr>\n<td style=\"padding-left: 30px;\">T\u0159\u00edda:<\/td>\n<td><a href=\"http:\/\/ms1.nyrany.cz\/?cat=12\">U Racochejla<\/a><\/td>\n<\/tr>\n<tr>\n<td style=\"padding-left: 30px;\">Mobiln\u00ed telefon t\u0159\u00eddy:<\/td>\n<td>+420\u00a0736 732 182<\/td>\n<\/tr>\n<tr>\n<td><\/td>\n<td><\/td>\n<\/tr>\n<\/tbody>\n<\/table>\n<table border=\"0\" width=\"621\" cellspacing=\"0\" cellpadding=\"0\">\n<tbody>\n<tr>\n<td colspan=\"2\">\u00a0\u00a0Kate\u0159ina <strong>CINTULOV\u00c1<\/strong><\/td>\n<\/tr>\n<tr>\n<td style=\"padding-left: 30px;\">T\u0159\u00edda:<\/td>\n<td><a href=\"http:\/\/ms1.nyrany.cz\/?cat=16\">U R\u00e1kosn\u00ed\u010dka<\/a><\/td>\n<\/tr>\n<tr>\n<td style=\"padding-left: 30px;\">Mobiln\u00ed telefon t\u0159\u00eddy:<\/td>\n<td>+420\u00a0737 943 041<\/td>\n<\/tr>\n<tr>\n<td style=\"padding-left: 30px;\"><\/td>\n<td><\/td>\n<\/tr>\n<\/tbody>\n<\/table>\n<table style=\"height: 102px;\" border=\"0\" width=\"620\" cellspacing=\"0\" cellpadding=\"0\">\n<tbody>\n<tr>\n<td colspan=\"2\">\u00a0 \u00a0Bc. Miroslava <strong>\u0160ILH\u00c1NOV\u00c1<\/strong><\/td>\n<\/tr>\n<tr>\n<td style=\"padding-left: 30px;\">T\u0159\u00edda:<\/td>\n<td><a href=\"http:\/\/ms1.nyrany.cz\/?cat=12\">U Makov\u00e9 panenky<\/a><\/td>\n<\/tr>\n<tr>\n<td style=\"padding-left: 30px;\">Mobiln\u00ed telefon t\u0159\u00eddy:<\/td>\n<td>+420 605 489 380<\/td>\n<\/tr>\n<tr>\n<td style=\"padding-left: 30px;\"><\/td>\n<td><\/td>\n<\/tr>\n<tr>\n<td style=\"padding-left: 30px;\"><\/td>\n<td><\/td>\n<\/tr>\n<tr>\n<td style=\"padding-left: 30px;\"><\/td>\n<td><\/td>\n<\/tr>\n<\/tbody>\n<\/table>\n<p><strong style=\"color: revert; font-size: revert;\">\u00a0<\/strong><\/p>\n<table border=\"0\" width=\"621\" cellspacing=\"0\" cellpadding=\"0\">\n<tbody>\n<tr>\n<td colspan=\"2\"><\/td>\n<\/tr>\n<tr>\n<td><\/td>\n<td><\/td>\n<\/tr>\n<tr>\n<td><\/td>\n<td><\/td>\n<\/tr>\n<\/tbody>\n<\/table>\n<table border=\"0\" width=\"621\" cellspacing=\"0\" cellpadding=\"0\">\n<tbody>\n<tr>\n<td colspan=\"2\">\u00a0 <strong>\u00a0\u00a0<\/strong><\/td>\n<\/tr>\n<tr>\n<td style=\"padding-left: 30px;\"><\/td>\n<td><\/td>\n<\/tr>\n<tr>\n<td style=\"padding-left: 30px;\"><\/td>\n<td><\/td>\n<\/tr>\n<tr>\n<td style=\"padding-left: 30px;\"><\/td>\n<td style=\"padding-left: 30px;\"><\/td>\n<\/tr>\n<\/tbody>\n<\/table>\n<h3><strong>\u00a0<\/strong><span style=\"text-decoration: underline;\"><strong>Provozn\u00ed pracovn\u00edci:<\/strong><\/span><span style=\"font-size: 13px; font-weight: normal;\">\u00a0<\/span><\/h3>\n<table border=\"0\" width=\"621\" cellspacing=\"0\" cellpadding=\"0\">\n<tbody>\n<tr>\n<td colspan=\"2\"><\/td>\n<\/tr>\n<tr>\n<td style=\"padding-left: 30px;\">Ukl\u00edze\u010dka:<\/td>\n<td>Petra<strong> BOUDOV\u00c1<\/strong><\/td>\n<\/tr>\n<tr>\n<td style=\"padding-left: 30px;\">Ukl\u00edze\u010dka:<\/td>\n<td>Jana <strong>\u0160EDIV\u00c1<\/strong><\/td>\n<\/tr>\n<tr>\n<td style=\"padding-left: 30px;\">Domovn\u00edk:<\/td>\n<td>Petr <strong>\u0160PIRK<\/strong><\/td>\n<\/tr>\n<\/tbody>\n<\/table>\n<p style=\"text-align: right; padding-left: 30px;\">Aktualizov\u00e1no pro \u0161koln\u00ed rok 2022\/23<\/p>\n<p><a href=\"http:\/\/ms1.nyrany.cz\/wp-content\/uploads\/2012\/09\/zamestnanci.jpeg\" rel=\"wp-prettyPhoto[g41]\">\u00a0<\/a><\/p>\n","protected":false},"excerpt":{"rendered":"<p>\u00a0Z\u00e1stupkyn\u011b \u0159editele: \u00a0 Bc. V\u00e1clava \u010cMOL\u00cdKOV\u00c1 T\u0159\u00edda: \u00a0U Pa\u0159ezov\u00e9 chaloupky Mobiln\u00ed telefon: Mobiln\u00ed telefon t\u0159\u00eddy: +420 605 476 399 \u00a0Pedagogi\u010dt\u00ed pracovn\u00edci: \u00a0 Jitka\u00a0KORD\u00cdKOV\u00c1 T\u0159\u00edda: \u00a0\u00a0U Pa\u0159ezov\u00e9 chaloupky Mobiln\u00ed telefon t\u0159\u00eddy: +420 605 476 399 \u00a0 Yvetta\u00a0NIEDERMAYEROV\u00c1 T\u0159\u00edda: U Makov\u00e9 panenky Mobiln\u00ed telefon t\u0159\u00eddy: +420 605 489 380 \u00a0\u00a0Lenka CHALUPOV\u00c1 T\u0159\u00edda: U R\u00e1kosn\u00ed\u010dka Mobiln\u00ed telefon t\u0159\u00eddy: &hellip; <\/p>\n<p class=\"link-more\"><a href=\"http:\/\/ms1.nyrany.cz\/?page_id=41\" class=\"more-link\">Continue reading<span class=\"screen-reader-text\"> &#8222;Zam\u011bstnanci M\u0160 I. N\u00fd\u0159any&#8220;<\/span><\/a><\/p>\n","protected":false},"author":2,"featured_media":0,"parent":0,"menu_order":0,"comment_status":"open","ping_status":"closed","template":"","meta":[],"_links":{"self":[{"href":"http:\/\/ms1.nyrany.cz\/index.php?rest_route=\/wp\/v2\/pages\/41"}],"collection":[{"href":"http:\/\/ms1.nyrany.cz\/index.php?rest_route=\/wp\/v2\/pages"}],"about":[{"href":"http:\/\/ms1.nyrany.cz\/index.php?rest_route=\/wp\/v2\/types\/page"}],"author":[{"embeddable":true,"href":"http:\/\/ms1.nyrany.cz\/index.php?rest_route=\/wp\/v2\/users\/2"}],"replies":[{"embeddable":true,"href":"http:\/\/ms1.nyrany.cz\/index.php?rest_route=%2Fwp%2Fv2%2Fcomments&post=41"}],"version-history":[{"count":157,"href":"http:\/\/ms1.nyrany.cz\/index.php?rest_route=\/wp\/v2\/pages\/41\/revisions"}],"predecessor-version":[{"id":14778,"href":"http:\/\/ms1.nyrany.cz\/index.php?rest_route=\/wp\/v2\/pages\/41\/revisions\/14778"}],"wp:attachment":[{"href":"http:\/\/ms1.nyrany.cz\/index.php?rest_route=%2Fwp%2Fv2%2Fmedia&parent=41"}],"curies":[{"name":"wp","href":"https:\/\/api.w.org\/{rel}","templated":true}]}}