{"id":13862,"date":"2023-08-16T04:52:00","date_gmt":"2023-08-16T04:52:00","guid":{"rendered":"http:\/\/ms1.nyrany.cz\/?page_id=13862"},"modified":"2024-03-11T18:38:32","modified_gmt":"2024-03-11T18:38:32","slug":"dokumenty","status":"publish","type":"page","link":"http:\/\/ms1.nyrany.cz\/?page_id=13862","title":{"rendered":"Dokumenty"},"content":{"rendered":"\n<p>Desatero pro rodi\u010de d\u011bt\u00ed p\u0159ed\u0161koln\u00edho v\u011bku<\/p>\n\n\n\n<p> <a href=\"https:\/\/www.msmt.cz\/file\/21828?highlightWords=desatero+pro+rodi%C4%8De+d%C4%9Bti\">https:\/\/www.msmt.cz\/file\/21828?highlightWords=desatero+pro+rodi%C4%8De+d%C4%9Bti<\/a><\/p>\n\n\n\n<p><\/p>\n\n\n\n<div class=\"wp-block-file\"><a id=\"wp-block-file--media-81c5bc1e-b571-47a6-a6e9-0bb569f21701\" href=\"http:\/\/ms1.nyrany.cz\/wp-content\/uploads\/2024\/03\/Vize-materske-skoly.pdf\">Vize-materske-skoly<\/a><a href=\"http:\/\/ms1.nyrany.cz\/wp-content\/uploads\/2024\/03\/Vize-materske-skoly.pdf\" class=\"wp-block-file__button\" download aria-describedby=\"wp-block-file--media-81c5bc1e-b571-47a6-a6e9-0bb569f21701\">St\u00e1hnout<\/a><\/div>\n\n\n\n<div class=\"wp-block-file\"><a id=\"wp-block-file--media-9e596b4b-5273-4c4e-88bd-dfbd8a6d84b5\" href=\"http:\/\/ms1.nyrany.cz\/wp-content\/uploads\/2024\/03\/Skolni_rad.pdf\">Skolni_rad<\/a><a href=\"http:\/\/ms1.nyrany.cz\/wp-content\/uploads\/2024\/03\/Skolni_rad.pdf\" class=\"wp-block-file__button\" download aria-describedby=\"wp-block-file--media-9e596b4b-5273-4c4e-88bd-dfbd8a6d84b5\">St\u00e1hnout<\/a><\/div>\n\n\n\n<p><\/p>\n","protected":false},"excerpt":{"rendered":"<p>Desatero pro rodi\u010de d\u011bt\u00ed p\u0159ed\u0161koln\u00edho v\u011bku https:\/\/www.msmt.cz\/file\/21828?highlightWords=desatero+pro+rodi%C4%8De+d%C4%9Bti<\/p>\n","protected":false},"author":2,"featured_media":0,"parent":0,"menu_order":0,"comment_status":"closed","ping_status":"closed","template":"","meta":[],"_links":{"self":[{"href":"http:\/\/ms1.nyrany.cz\/index.php?rest_route=\/wp\/v2\/pages\/13862"}],"collection":[{"href":"http:\/\/ms1.nyrany.cz\/index.php?rest_route=\/wp\/v2\/pages"}],"about":[{"href":"http:\/\/ms1.nyrany.cz\/index.php?rest_route=\/wp\/v2\/types\/page"}],"author":[{"embeddable":true,"href":"http:\/\/ms1.nyrany.cz\/index.php?rest_route=\/wp\/v2\/users\/2"}],"replies":[{"embeddable":true,"href":"http:\/\/ms1.nyrany.cz\/index.php?rest_route=%2Fwp%2Fv2%2Fcomments&post=13862"}],"version-history":[{"count":13,"href":"http:\/\/ms1.nyrany.cz\/index.php?rest_route=\/wp\/v2\/pages\/13862\/revisions"}],"predecessor-version":[{"id":14376,"href":"http:\/\/ms1.nyrany.cz\/index.php?rest_route=\/wp\/v2\/pages\/13862\/revisions\/14376"}],"wp:attachment":[{"href":"http:\/\/ms1.nyrany.cz\/index.php?rest_route=%2Fwp%2Fv2%2Fmedia&parent=13862"}],"curies":[{"name":"wp","href":"https:\/\/api.w.org\/{rel}","templated":true}]}}